{"id":74,"date":"2024-02-15T17:37:20","date_gmt":"2024-02-15T17:37:20","guid":{"rendered":"https:\/\/thebarrister.cz\/events\/"},"modified":"2024-03-16T06:17:06","modified_gmt":"2024-03-16T06:17:06","slug":"events","status":"publish","type":"page","link":"https:\/\/thebarrister.cz\/en\/events\/","title":{"rendered":"Events"},"content":{"rendered":"<div data-elementor-type=\"wp-page\" data-elementor-id=\"74\" class=\"elementor elementor-74\" data-elementor-post-type=\"page\">\n\t\t\t\t<div class=\"elementor-element elementor-element-11319430 e-flex e-con-boxed e-con e-parent\" data-id=\"11319430\" data-element_type=\"container\" data-e-type=\"container\">\n\t\t\t\t\t<div class=\"e-con-inner\">\n\t\t\t\t<div class=\"elementor-element elementor-element-32ad8201 elementor-widget elementor-widget-heading\" data-id=\"32ad8201\" data-element_type=\"widget\" data-e-type=\"widget\" data-widget_type=\"heading.default\">\n\t\t\t\t<div class=\"elementor-widget-container\">\n\t\t\t\t\t<h5 class=\"elementor-heading-title elementor-size-default\">The Barrister<\/h5>\t\t\t\t<\/div>\n\t\t\t\t<\/div>\n\t\t\t\t<div class=\"elementor-element elementor-element-445e17b1 elementor-widget elementor-widget-heading\" data-id=\"445e17b1\" data-element_type=\"widget\" data-e-type=\"widget\" data-widget_type=\"heading.default\">\n\t\t\t\t<div class=\"elementor-widget-container\">\n\t\t\t\t\t<h1 class=\"elementor-heading-title elementor-size-default\">Events<\/h1>\t\t\t\t<\/div>\n\t\t\t\t<\/div>\n\t\t\t\t<div class=\"elementor-element elementor-element-6fbd7b84 elementor-widget-divider--view-line_icon elementor-view-default elementor-widget-divider--element-align-center elementor-widget elementor-widget-divider\" data-id=\"6fbd7b84\" data-element_type=\"widget\" data-e-type=\"widget\" data-widget_type=\"divider.default\">\n\t\t\t\t<div class=\"elementor-widget-container\">\n\t\t\t\t\t\t\t<div class=\"elementor-divider\">\n\t\t\t<span class=\"elementor-divider-separator\">\n\t\t\t\t\t\t\t<div class=\"elementor-icon elementor-divider__element\">\n\t\t\t\t\t<svg xmlns=\"http:\/\/www.w3.org\/2000\/svg\" width=\"297\" height=\"164\" viewbox=\"0 0 297 164\" fill=\"none\"><path d=\"M31.77 58L37.31 84.47H0L10.26 136.48H48.21L53.8 163.17H134.21L156.23 58H31.78H31.77ZM23.1 120.86L19.01 100.1H39.25L43.66 120.86H23.11H23.1ZM121.51 147.55H66.49L51.01 73.63H136.99L121.51 147.55Z\" fill=\"#BB9571\"><\/path><path d=\"M249.7 147.41V102.55H257.24L281.01 15.67H296.03V0H187.71V15.67H202.72L226.49 102.55H234.03V147.41H187V163.08H296.07V147.41H249.7ZM218.96 15.67H264.77L245.29 86.89H238.45L218.96 15.67Z\" fill=\"#BB9571\"><\/path><\/svg><\/div>\n\t\t\t\t\t\t<\/span>\n\t\t<\/div>\n\t\t\t\t\t\t<\/div>\n\t\t\t\t<\/div>\n\t\t\t\t<div class=\"elementor-element elementor-element-783c175 elementor-mobile-align-justify elementor-align-center elementor-widget-mobile__width-inherit elementor-widget elementor-widget-button\" data-id=\"783c175\" data-element_type=\"widget\" data-e-type=\"widget\" data-widget_type=\"button.default\">\n\t\t\t\t<div class=\"elementor-widget-container\">\n\t\t\t\t\t\t\t\t\t<div class=\"elementor-button-wrapper\">\n\t\t\t\t\t<a class=\"elementor-button elementor-button-link elementor-size-sm\" href=\"#elementor-action%3Aaction%3Dpopup%3Aopen%26settings%3DeyJpZCI6IjE2MSIsInRvZ2dsZSI6ZmFsc2V9\">\n\t\t\t\t\t\t<span class=\"elementor-button-content-wrapper\">\n\t\t\t\t\t\t\t\t\t<span class=\"elementor-button-text\">Subscribe to future events<\/span>\n\t\t\t\t\t<\/span>\n\t\t\t\t\t<\/a>\n\t\t\t\t<\/div>\n\t\t\t\t\t\t\t\t<\/div>\n\t\t\t\t<\/div>\n\t\t\t\t\t<\/div>\n\t\t\t\t<\/div>\n\t\t<div class=\"elementor-element elementor-element-623995e9 e-flex e-con-boxed e-con e-parent\" data-id=\"623995e9\" data-element_type=\"container\" data-e-type=\"container\">\n\t\t\t\t\t<div class=\"e-con-inner\">\n\t\t<div class=\"elementor-element elementor-element-5a3a65b7 e-con-full e-flex e-con e-child\" data-id=\"5a3a65b7\" data-element_type=\"container\" data-e-type=\"container\">\n\t\t\t\t<div class=\"elementor-element elementor-element-60df94fe elementor-posts--align-left elementor-grid-1 elementor-posts--thumbnail-left elementor-widget__width-initial elementor-widget-mobile__width-inherit elementor-hidden-mobile elementor-grid-tablet-2 elementor-grid-mobile-1 elementor-widget elementor-widget-posts\" data-id=\"60df94fe\" data-element_type=\"widget\" data-e-type=\"widget\" data-settings=\"{&quot;classic_row_gap&quot;:{&quot;unit&quot;:&quot;px&quot;,&quot;size&quot;:60,&quot;sizes&quot;:[]},&quot;pagination_type&quot;:&quot;numbers&quot;,&quot;classic_columns&quot;:&quot;1&quot;,&quot;classic_row_gap_mobile&quot;:{&quot;unit&quot;:&quot;px&quot;,&quot;size&quot;:40,&quot;sizes&quot;:[]},&quot;classic_columns_tablet&quot;:&quot;2&quot;,&quot;classic_columns_mobile&quot;:&quot;1&quot;,&quot;classic_row_gap_tablet&quot;:{&quot;unit&quot;:&quot;px&quot;,&quot;size&quot;:&quot;&quot;,&quot;sizes&quot;:[]}}\" data-no-translation=\"\" data-widget_type=\"posts.classic\">\n\t\t\t\t<div class=\"elementor-widget-container\">\n\t\t\t\t\t<style>.elementor-element-60df94fe{display:none !important}<\/style>\t\t\t\t<\/div>\n\t\t\t\t<\/div>\n\t\t\t\t<div class=\"elementor-element elementor-element-1854f97 elementor-posts--align-left elementor-grid-1 elementor-widget__width-initial elementor-widget-mobile__width-inherit elementor-hidden-desktop elementor-hidden-tablet elementor-grid-tablet-2 elementor-grid-mobile-1 elementor-posts--thumbnail-top elementor-widget elementor-widget-posts\" data-id=\"1854f97\" data-element_type=\"widget\" data-e-type=\"widget\" data-settings=\"{&quot;classic_row_gap&quot;:{&quot;unit&quot;:&quot;px&quot;,&quot;size&quot;:60,&quot;sizes&quot;:[]},&quot;pagination_type&quot;:&quot;numbers&quot;,&quot;classic_columns&quot;:&quot;1&quot;,&quot;classic_row_gap_mobile&quot;:{&quot;unit&quot;:&quot;px&quot;,&quot;size&quot;:40,&quot;sizes&quot;:[]},&quot;classic_columns_tablet&quot;:&quot;2&quot;,&quot;classic_columns_mobile&quot;:&quot;1&quot;,&quot;classic_row_gap_tablet&quot;:{&quot;unit&quot;:&quot;px&quot;,&quot;size&quot;:&quot;&quot;,&quot;sizes&quot;:[]}}\" data-no-translation=\"\" data-widget_type=\"posts.classic\">\n\t\t\t\t<div class=\"elementor-widget-container\">\n\t\t\t\t\t<style>.elementor-element-1854f97{display:none !important}<\/style>\t\t\t\t<\/div>\n\t\t\t\t<\/div>\n\t\t\t\t<div class=\"elementor-element elementor-element-fb1b686 elementor-posts--align-left elementor-grid-1 elementor-posts--thumbnail-left elementor-widget__width-initial elementor-widget-mobile__width-inherit elementor-hidden-mobile elementor-grid-tablet-2 elementor-grid-mobile-1 elementor-widget elementor-widget-posts\" data-id=\"fb1b686\" data-element_type=\"widget\" data-e-type=\"widget\" data-settings=\"{&quot;classic_row_gap&quot;:{&quot;unit&quot;:&quot;px&quot;,&quot;size&quot;:60,&quot;sizes&quot;:[]},&quot;pagination_type&quot;:&quot;numbers&quot;,&quot;classic_columns&quot;:&quot;1&quot;,&quot;classic_columns_tablet&quot;:&quot;2&quot;,&quot;classic_columns_mobile&quot;:&quot;1&quot;,&quot;classic_row_gap_tablet&quot;:{&quot;unit&quot;:&quot;px&quot;,&quot;size&quot;:&quot;&quot;,&quot;sizes&quot;:[]},&quot;classic_row_gap_mobile&quot;:{&quot;unit&quot;:&quot;px&quot;,&quot;size&quot;:&quot;&quot;,&quot;sizes&quot;:[]}}\" data-no-translation=\"\" data-widget_type=\"posts.classic\">\n\t\t\t\t<div class=\"elementor-widget-container\">\n\t\t\t\t\t\t\t<div class=\"elementor-posts-container elementor-posts elementor-posts--skin-classic elementor-grid\">\n\t\t\t\t<article class=\"elementor-post elementor-grid-item post-1017 post type-post status-publish format-standard has-post-thumbnail hentry category-events tag-en tag-eng\">\n\t\t\t\t<a class=\"elementor-post__thumbnail__link\" href=\"https:\/\/thebarrister.cz\/en\/2026\/03\/03\/the-energy-of-famous-cities\/\" tabindex=\"-1\" >\n\t\t\t<div class=\"elementor-post__thumbnail\"><img fetchpriority=\"high\" decoding=\"async\" width=\"800\" height=\"419\" src=\"https:\/\/thebarrister.cz\/wp-content\/uploads\/2026\/03\/Energie-slavnych-mest-Banner-CZ-1200x628-FB-vernisaz-1024x536.png\" class=\"attachment-large size-large wp-image-1027\" alt=\"\" srcset=\"https:\/\/thebarrister.cz\/wp-content\/uploads\/2026\/03\/Energie-slavnych-mest-Banner-CZ-1200x628-FB-vernisaz-1024x536.png 1024w, https:\/\/thebarrister.cz\/wp-content\/uploads\/2026\/03\/Energie-slavnych-mest-Banner-CZ-1200x628-FB-vernisaz-300x157.png 300w, https:\/\/thebarrister.cz\/wp-content\/uploads\/2026\/03\/Energie-slavnych-mest-Banner-CZ-1200x628-FB-vernisaz-768x402.png 768w, https:\/\/thebarrister.cz\/wp-content\/uploads\/2026\/03\/Energie-slavnych-mest-Banner-CZ-1200x628-FB-vernisaz-1536x804.png 1536w, https:\/\/thebarrister.cz\/wp-content\/uploads\/2026\/03\/Energie-slavnych-mest-Banner-CZ-1200x628-FB-vernisaz-2048x1072.png 2048w, https:\/\/thebarrister.cz\/wp-content\/uploads\/2026\/03\/Energie-slavnych-mest-Banner-CZ-1200x628-FB-vernisaz-18x9.png 18w\" sizes=\"(max-width: 800px) 100vw, 800px\" \/><\/div>\n\t\t<\/a>\n\t\t\t\t<div class=\"elementor-post__text\">\n\t\t\t\t<h3 class=\"elementor-post__title\">\n\t\t\t<a href=\"https:\/\/thebarrister.cz\/en\/2026\/03\/03\/the-energy-of-famous-cities\/\" >\n\t\t\t\tExhibition Opening: The Energy of Famous Cities by the artist Vladim\u00edr Kiseljov\t\t\t<\/a>\n\t\t<\/h3>\n\t\t\t\t<div class=\"elementor-post__excerpt\">\n\t\t\t<p>Exhibition Opening: The Energy of Famous Cities We cordially invite you to The Barrister for the opening of the exhibition The Energy of Famous Cities,<\/p>\n\t\t<\/div>\n\t\t\n\t\t<a class=\"elementor-post__read-more\" href=\"https:\/\/thebarrister.cz\/en\/2026\/03\/03\/the-energy-of-famous-cities\/\" aria-label=\"Read more about Exhibition Opening: The Energy of Famous Cities by the artist Vladim\u00edr Kiseljov\" tabindex=\"-1\" >\n\t\t\tRead more \u00bb\t\t<\/a>\n\n\t\t\t\t<\/div>\n\t\t\t\t<\/article>\n\t\t\t\t<article class=\"elementor-post elementor-grid-item post-1003 post type-post status-publish format-standard has-post-thumbnail hentry category-events tag-en tag-eng\">\n\t\t\t\t<a class=\"elementor-post__thumbnail__link\" href=\"https:\/\/thebarrister.cz\/en\/2026\/01\/26\/exhibition-opening-jina-krajina-by-the-artist-honza-sakar\/\" tabindex=\"-1\" >\n\t\t\t<div class=\"elementor-post__thumbnail\"><img decoding=\"async\" width=\"800\" height=\"419\" src=\"https:\/\/thebarrister.cz\/wp-content\/uploads\/2026\/01\/Jina-krajina-banner-FB-1200x6284-1-1024x536.png\" class=\"attachment-large size-large wp-image-1009\" alt=\"\" srcset=\"https:\/\/thebarrister.cz\/wp-content\/uploads\/2026\/01\/Jina-krajina-banner-FB-1200x6284-1-1024x536.png 1024w, https:\/\/thebarrister.cz\/wp-content\/uploads\/2026\/01\/Jina-krajina-banner-FB-1200x6284-1-300x157.png 300w, https:\/\/thebarrister.cz\/wp-content\/uploads\/2026\/01\/Jina-krajina-banner-FB-1200x6284-1-768x402.png 768w, https:\/\/thebarrister.cz\/wp-content\/uploads\/2026\/01\/Jina-krajina-banner-FB-1200x6284-1-1536x804.png 1536w, https:\/\/thebarrister.cz\/wp-content\/uploads\/2026\/01\/Jina-krajina-banner-FB-1200x6284-1-2048x1072.png 2048w, https:\/\/thebarrister.cz\/wp-content\/uploads\/2026\/01\/Jina-krajina-banner-FB-1200x6284-1-18x9.png 18w\" sizes=\"(max-width: 800px) 100vw, 800px\" \/><\/div>\n\t\t<\/a>\n\t\t\t\t<div class=\"elementor-post__text\">\n\t\t\t\t<h3 class=\"elementor-post__title\">\n\t\t\t<a href=\"https:\/\/thebarrister.cz\/en\/2026\/01\/26\/exhibition-opening-jina-krajina-by-the-artist-honza-sakar\/\" >\n\t\t\t\tExhibition Opening: JINA KRAJINA by the artist HONZA SAKA\u0158\t\t\t<\/a>\n\t\t<\/h3>\n\t\t\t\t<div class=\"elementor-post__excerpt\">\n\t\t\t<p>The exhibition A Different Landscape by photographer Honza Saka\u0159 invites visitors to explore a series of works created using traditional photographic processes. Emphasizing light, texture,<\/p>\n\t\t<\/div>\n\t\t\n\t\t<a class=\"elementor-post__read-more\" href=\"https:\/\/thebarrister.cz\/en\/2026\/01\/26\/exhibition-opening-jina-krajina-by-the-artist-honza-sakar\/\" aria-label=\"Read more about Exhibition Opening: JINA KRAJINA by the artist HONZA SAKA\u0158\" tabindex=\"-1\" >\n\t\t\tRead more \u00bb\t\t<\/a>\n\n\t\t\t\t<\/div>\n\t\t\t\t<\/article>\n\t\t\t\t<article class=\"elementor-post elementor-grid-item post-989 post type-post status-publish format-standard has-post-thumbnail hentry category-events tag-en tag-eng\">\n\t\t\t\t<a class=\"elementor-post__thumbnail__link\" href=\"https:\/\/thebarrister.cz\/en\/2026\/01\/06\/exhibition-book-with-art\/\" tabindex=\"-1\" >\n\t\t\t<div class=\"elementor-post__thumbnail\"><img decoding=\"async\" width=\"726\" height=\"1024\" src=\"https:\/\/thebarrister.cz\/wp-content\/uploads\/2026\/01\/592356648_122234439818132583_1225003881277414103_n-726x1024.jpg\" class=\"attachment-large size-large wp-image-987\" alt=\"\" srcset=\"https:\/\/thebarrister.cz\/wp-content\/uploads\/2026\/01\/592356648_122234439818132583_1225003881277414103_n-726x1024.jpg 726w, https:\/\/thebarrister.cz\/wp-content\/uploads\/2026\/01\/592356648_122234439818132583_1225003881277414103_n-213x300.jpg 213w, https:\/\/thebarrister.cz\/wp-content\/uploads\/2026\/01\/592356648_122234439818132583_1225003881277414103_n-768x1083.jpg 768w, https:\/\/thebarrister.cz\/wp-content\/uploads\/2026\/01\/592356648_122234439818132583_1225003881277414103_n-9x12.jpg 9w, https:\/\/thebarrister.cz\/wp-content\/uploads\/2026\/01\/592356648_122234439818132583_1225003881277414103_n.jpg 849w\" sizes=\"(max-width: 726px) 100vw, 726px\" \/><\/div>\n\t\t<\/a>\n\t\t\t\t<div class=\"elementor-post__text\">\n\t\t\t\t<h3 class=\"elementor-post__title\">\n\t\t\t<a href=\"https:\/\/thebarrister.cz\/en\/2026\/01\/06\/exhibition-book-with-art\/\" >\n\t\t\t\tExhibition book with .art\t\t\t<\/a>\n\t\t<\/h3>\n\t\t\t\t<div class=\"elementor-post__excerpt\">\n\t\t\t<p>You are warmly invited to an international painting exhibition featuring 80 artists from 25 countries.You can look forward not only to exceptional art, but also<\/p>\n\t\t<\/div>\n\t\t\n\t\t<a class=\"elementor-post__read-more\" href=\"https:\/\/thebarrister.cz\/en\/2026\/01\/06\/exhibition-book-with-art\/\" aria-label=\"Read more about Exhibition book with .art\" tabindex=\"-1\" >\n\t\t\tRead more \u00bb\t\t<\/a>\n\n\t\t\t\t<\/div>\n\t\t\t\t<\/article>\n\t\t\t\t<\/div>\n\t\t\n\t\t\t\t<div class=\"e-load-more-anchor\" data-page=\"1\" data-max-page=\"3\" data-next-page=\"https:\/\/thebarrister.cz\/en\/wp-json\/wp\/v2\/pages\/74\/page\/2\/\"><\/div>\n\t\t\t\t<nav class=\"elementor-pagination\" aria-label=\"Pagination\">\n\t\t\t<span aria-current=\"page\" class=\"page-numbers current\"><span class=\"elementor-screen-only\">Page<\/span>1<\/span>\n<a class=\"page-numbers\" href=\"https:\/\/thebarrister.cz\/en\/wp-json\/wp\/v2\/pages\/74\/page\/2\/\"><span class=\"elementor-screen-only\">Page<\/span>2<\/a>\n<a class=\"page-numbers\" href=\"https:\/\/thebarrister.cz\/en\/wp-json\/wp\/v2\/pages\/74\/page\/3\/\"><span class=\"elementor-screen-only\">Page<\/span>3<\/a>\t\t<\/nav>\n\t\t\t\t\t\t<\/div>\n\t\t\t\t<\/div>\n\t\t\t\t<div class=\"elementor-element elementor-element-8b09487 elementor-posts--align-left elementor-grid-1 elementor-widget__width-initial elementor-widget-mobile__width-inherit elementor-hidden-desktop elementor-hidden-tablet elementor-grid-tablet-2 elementor-grid-mobile-1 elementor-posts--thumbnail-top elementor-widget elementor-widget-posts\" data-id=\"8b09487\" data-element_type=\"widget\" data-e-type=\"widget\" data-settings=\"{&quot;classic_row_gap&quot;:{&quot;unit&quot;:&quot;px&quot;,&quot;size&quot;:60,&quot;sizes&quot;:[]},&quot;pagination_type&quot;:&quot;numbers&quot;,&quot;classic_columns&quot;:&quot;1&quot;,&quot;classic_row_gap_mobile&quot;:{&quot;unit&quot;:&quot;px&quot;,&quot;size&quot;:40,&quot;sizes&quot;:[]},&quot;classic_columns_tablet&quot;:&quot;2&quot;,&quot;classic_columns_mobile&quot;:&quot;1&quot;,&quot;classic_row_gap_tablet&quot;:{&quot;unit&quot;:&quot;px&quot;,&quot;size&quot;:&quot;&quot;,&quot;sizes&quot;:[]}}\" data-no-translation=\"\" data-widget_type=\"posts.classic\">\n\t\t\t\t<div class=\"elementor-widget-container\">\n\t\t\t\t\t\t\t<div class=\"elementor-posts-container elementor-posts elementor-posts--skin-classic elementor-grid\">\n\t\t\t\t<article class=\"elementor-post elementor-grid-item post-1017 post type-post status-publish format-standard has-post-thumbnail hentry category-events tag-en tag-eng\">\n\t\t\t\t<a class=\"elementor-post__thumbnail__link\" href=\"https:\/\/thebarrister.cz\/en\/2026\/03\/03\/the-energy-of-famous-cities\/\" tabindex=\"-1\" >\n\t\t\t<div class=\"elementor-post__thumbnail\"><img fetchpriority=\"high\" decoding=\"async\" width=\"800\" height=\"419\" src=\"https:\/\/thebarrister.cz\/wp-content\/uploads\/2026\/03\/Energie-slavnych-mest-Banner-CZ-1200x628-FB-vernisaz-1024x536.png\" class=\"attachment-large size-large wp-image-1027\" alt=\"\" srcset=\"https:\/\/thebarrister.cz\/wp-content\/uploads\/2026\/03\/Energie-slavnych-mest-Banner-CZ-1200x628-FB-vernisaz-1024x536.png 1024w, https:\/\/thebarrister.cz\/wp-content\/uploads\/2026\/03\/Energie-slavnych-mest-Banner-CZ-1200x628-FB-vernisaz-300x157.png 300w, https:\/\/thebarrister.cz\/wp-content\/uploads\/2026\/03\/Energie-slavnych-mest-Banner-CZ-1200x628-FB-vernisaz-768x402.png 768w, https:\/\/thebarrister.cz\/wp-content\/uploads\/2026\/03\/Energie-slavnych-mest-Banner-CZ-1200x628-FB-vernisaz-1536x804.png 1536w, https:\/\/thebarrister.cz\/wp-content\/uploads\/2026\/03\/Energie-slavnych-mest-Banner-CZ-1200x628-FB-vernisaz-2048x1072.png 2048w, https:\/\/thebarrister.cz\/wp-content\/uploads\/2026\/03\/Energie-slavnych-mest-Banner-CZ-1200x628-FB-vernisaz-18x9.png 18w\" sizes=\"(max-width: 800px) 100vw, 800px\" \/><\/div>\n\t\t<\/a>\n\t\t\t\t<div class=\"elementor-post__text\">\n\t\t\t\t<h3 class=\"elementor-post__title\">\n\t\t\t<a href=\"https:\/\/thebarrister.cz\/en\/2026\/03\/03\/the-energy-of-famous-cities\/\" >\n\t\t\t\tExhibition Opening: The Energy of Famous Cities by the artist Vladim\u00edr Kiseljov\t\t\t<\/a>\n\t\t<\/h3>\n\t\t\t\t<\/div>\n\t\t\t\t<\/article>\n\t\t\t\t<article class=\"elementor-post elementor-grid-item post-1003 post type-post status-publish format-standard has-post-thumbnail hentry category-events tag-en tag-eng\">\n\t\t\t\t<a class=\"elementor-post__thumbnail__link\" href=\"https:\/\/thebarrister.cz\/en\/2026\/01\/26\/exhibition-opening-jina-krajina-by-the-artist-honza-sakar\/\" tabindex=\"-1\" >\n\t\t\t<div class=\"elementor-post__thumbnail\"><img decoding=\"async\" width=\"800\" height=\"419\" src=\"https:\/\/thebarrister.cz\/wp-content\/uploads\/2026\/01\/Jina-krajina-banner-FB-1200x6284-1-1024x536.png\" class=\"attachment-large size-large wp-image-1009\" alt=\"\" srcset=\"https:\/\/thebarrister.cz\/wp-content\/uploads\/2026\/01\/Jina-krajina-banner-FB-1200x6284-1-1024x536.png 1024w, https:\/\/thebarrister.cz\/wp-content\/uploads\/2026\/01\/Jina-krajina-banner-FB-1200x6284-1-300x157.png 300w, https:\/\/thebarrister.cz\/wp-content\/uploads\/2026\/01\/Jina-krajina-banner-FB-1200x6284-1-768x402.png 768w, https:\/\/thebarrister.cz\/wp-content\/uploads\/2026\/01\/Jina-krajina-banner-FB-1200x6284-1-1536x804.png 1536w, https:\/\/thebarrister.cz\/wp-content\/uploads\/2026\/01\/Jina-krajina-banner-FB-1200x6284-1-2048x1072.png 2048w, https:\/\/thebarrister.cz\/wp-content\/uploads\/2026\/01\/Jina-krajina-banner-FB-1200x6284-1-18x9.png 18w\" sizes=\"(max-width: 800px) 100vw, 800px\" \/><\/div>\n\t\t<\/a>\n\t\t\t\t<div class=\"elementor-post__text\">\n\t\t\t\t<h3 class=\"elementor-post__title\">\n\t\t\t<a href=\"https:\/\/thebarrister.cz\/en\/2026\/01\/26\/exhibition-opening-jina-krajina-by-the-artist-honza-sakar\/\" >\n\t\t\t\tExhibition Opening: JINA KRAJINA by the artist HONZA SAKA\u0158\t\t\t<\/a>\n\t\t<\/h3>\n\t\t\t\t<\/div>\n\t\t\t\t<\/article>\n\t\t\t\t<article class=\"elementor-post elementor-grid-item post-989 post type-post status-publish format-standard has-post-thumbnail hentry category-events tag-en tag-eng\">\n\t\t\t\t<a class=\"elementor-post__thumbnail__link\" href=\"https:\/\/thebarrister.cz\/en\/2026\/01\/06\/exhibition-book-with-art\/\" tabindex=\"-1\" >\n\t\t\t<div class=\"elementor-post__thumbnail\"><img decoding=\"async\" width=\"726\" height=\"1024\" src=\"https:\/\/thebarrister.cz\/wp-content\/uploads\/2026\/01\/592356648_122234439818132583_1225003881277414103_n-726x1024.jpg\" class=\"attachment-large size-large wp-image-987\" alt=\"\" srcset=\"https:\/\/thebarrister.cz\/wp-content\/uploads\/2026\/01\/592356648_122234439818132583_1225003881277414103_n-726x1024.jpg 726w, https:\/\/thebarrister.cz\/wp-content\/uploads\/2026\/01\/592356648_122234439818132583_1225003881277414103_n-213x300.jpg 213w, https:\/\/thebarrister.cz\/wp-content\/uploads\/2026\/01\/592356648_122234439818132583_1225003881277414103_n-768x1083.jpg 768w, https:\/\/thebarrister.cz\/wp-content\/uploads\/2026\/01\/592356648_122234439818132583_1225003881277414103_n-9x12.jpg 9w, https:\/\/thebarrister.cz\/wp-content\/uploads\/2026\/01\/592356648_122234439818132583_1225003881277414103_n.jpg 849w\" sizes=\"(max-width: 726px) 100vw, 726px\" \/><\/div>\n\t\t<\/a>\n\t\t\t\t<div class=\"elementor-post__text\">\n\t\t\t\t<h3 class=\"elementor-post__title\">\n\t\t\t<a href=\"https:\/\/thebarrister.cz\/en\/2026\/01\/06\/exhibition-book-with-art\/\" >\n\t\t\t\tExhibition book with .art\t\t\t<\/a>\n\t\t<\/h3>\n\t\t\t\t<\/div>\n\t\t\t\t<\/article>\n\t\t\t\t<\/div>\n\t\t\n\t\t\t\t<div class=\"e-load-more-anchor\" data-page=\"1\" data-max-page=\"3\" data-next-page=\"https:\/\/thebarrister.cz\/en\/wp-json\/wp\/v2\/pages\/74\/page\/2\/\"><\/div>\n\t\t\t\t<nav class=\"elementor-pagination\" aria-label=\"Pagination\">\n\t\t\t<span aria-current=\"page\" class=\"page-numbers current\"><span class=\"elementor-screen-only\">Page<\/span>1<\/span>\n<a class=\"page-numbers\" href=\"https:\/\/thebarrister.cz\/en\/wp-json\/wp\/v2\/pages\/74\/page\/2\/\"><span class=\"elementor-screen-only\">Page<\/span>2<\/a>\n<a class=\"page-numbers\" href=\"https:\/\/thebarrister.cz\/en\/wp-json\/wp\/v2\/pages\/74\/page\/3\/\"><span class=\"elementor-screen-only\">Page<\/span>3<\/a>\t\t<\/nav>\n\t\t\t\t\t\t<\/div>\n\t\t\t\t<\/div>\n\t\t\t\t<\/div>\n\t\t\t\t\t<\/div>\n\t\t\t\t<\/div>\n\t\t\t\t<\/div>","protected":false},"excerpt":{"rendered":"<p>The Barrister Program P\u0159ihl\u00e1sit se k odb\u011bru<\/p>","protected":false},"author":1,"featured_media":0,"parent":0,"menu_order":0,"comment_status":"closed","ping_status":"closed","template":"","meta":{"_acf_changed":false,"footnotes":""},"class_list":["post-74","page","type-page","status-publish","hentry"],"acf":[],"aioseo_notices":[],"_links":{"self":[{"href":"https:\/\/thebarrister.cz\/en\/wp-json\/wp\/v2\/pages\/74","targetHints":{"allow":["GET"]}}],"collection":[{"href":"https:\/\/thebarrister.cz\/en\/wp-json\/wp\/v2\/pages"}],"about":[{"href":"https:\/\/thebarrister.cz\/en\/wp-json\/wp\/v2\/types\/page"}],"author":[{"embeddable":true,"href":"https:\/\/thebarrister.cz\/en\/wp-json\/wp\/v2\/users\/1"}],"replies":[{"embeddable":true,"href":"https:\/\/thebarrister.cz\/en\/wp-json\/wp\/v2\/comments?post=74"}],"version-history":[{"count":38,"href":"https:\/\/thebarrister.cz\/en\/wp-json\/wp\/v2\/pages\/74\/revisions"}],"predecessor-version":[{"id":565,"href":"https:\/\/thebarrister.cz\/en\/wp-json\/wp\/v2\/pages\/74\/revisions\/565"}],"wp:attachment":[{"href":"https:\/\/thebarrister.cz\/en\/wp-json\/wp\/v2\/media?parent=74"}],"curies":[{"name":"wp","href":"https:\/\/api.w.org\/{rel}","templated":true}]}}