{"id":55,"date":"2024-02-05T17:37:15","date_gmt":"2024-02-05T17:37:15","guid":{"rendered":"https:\/\/thebarrister.cz\/about-us\/"},"modified":"2025-06-30T18:49:12","modified_gmt":"2025-06-30T18:49:12","slug":"about-us","status":"publish","type":"page","link":"https:\/\/thebarrister.cz\/en\/about-us\/","title":{"rendered":"The Barrister"},"content":{"rendered":"<div data-elementor-type=\"wp-page\" data-elementor-id=\"55\" class=\"elementor elementor-55\" data-elementor-post-type=\"page\">\n\t\t\t\t<div class=\"elementor-element elementor-element-28263f44 e-flex e-con-boxed e-con e-parent\" data-id=\"28263f44\" data-element_type=\"container\" data-e-type=\"container\">\n\t\t\t\t\t<div class=\"e-con-inner\">\n\t\t<div class=\"elementor-element elementor-element-4d2b7c51 e-con-full e-flex e-con e-child\" data-id=\"4d2b7c51\" data-element_type=\"container\" data-e-type=\"container\">\n\t\t<div class=\"elementor-element elementor-element-da21854 e-con-full e-flex e-con e-child\" data-id=\"da21854\" data-element_type=\"container\" data-e-type=\"container\">\n\t\t<div class=\"elementor-element elementor-element-77b721b3 e-con-full e-flex e-con e-child\" data-id=\"77b721b3\" data-element_type=\"container\" data-e-type=\"container\">\n\t\t\t\t<div class=\"elementor-element elementor-element-373e13be elementor-widget__width-inherit elementor-widget elementor-widget-heading\" data-id=\"373e13be\" data-element_type=\"widget\" data-e-type=\"widget\" data-widget_type=\"heading.default\">\n\t\t\t\t<div class=\"elementor-widget-container\">\n\t\t\t\t\t<h3 class=\"elementor-heading-title elementor-size-default\">The Barrister<\/h3>\t\t\t\t<\/div>\n\t\t\t\t<\/div>\n\t\t\t\t<\/div>\n\t\t\t\t<div class=\"elementor-element elementor-element-18d5c54f elementor-widget-divider--view-line_icon elementor-widget-divider--element-align-right elementor-view-default elementor-widget elementor-widget-divider\" data-id=\"18d5c54f\" data-element_type=\"widget\" data-e-type=\"widget\" data-widget_type=\"divider.default\">\n\t\t\t\t<div class=\"elementor-widget-container\">\n\t\t\t\t\t\t\t<div class=\"elementor-divider\">\n\t\t\t<span class=\"elementor-divider-separator\">\n\t\t\t\t\t\t\t<div class=\"elementor-icon elementor-divider__element\">\n\t\t\t\t\t<svg xmlns=\"http:\/\/www.w3.org\/2000\/svg\" width=\"297\" height=\"164\" viewbox=\"0 0 297 164\" fill=\"none\"><path d=\"M31.77 58L37.31 84.47H0L10.26 136.48H48.21L53.8 163.17H134.21L156.23 58H31.78H31.77ZM23.1 120.86L19.01 100.1H39.25L43.66 120.86H23.11H23.1ZM121.51 147.55H66.49L51.01 73.63H136.99L121.51 147.55Z\" fill=\"#BB9571\"><\/path><path d=\"M249.7 147.41V102.55H257.24L281.01 15.67H296.03V0H187.71V15.67H202.72L226.49 102.55H234.03V147.41H187V163.08H296.07V147.41H249.7ZM218.96 15.67H264.77L245.29 86.89H238.45L218.96 15.67Z\" fill=\"#BB9571\"><\/path><\/svg><\/div>\n\t\t\t\t\t\t<\/span>\n\t\t<\/div>\n\t\t\t\t\t\t<\/div>\n\t\t\t\t<\/div>\n\t\t\t\t<div class=\"elementor-element elementor-element-299c9a7f elementor-widget__width-inherit elementor-widget-tablet__width-inherit elementor-widget-mobile__width-inherit elementor-widget elementor-widget-text-editor\" data-id=\"299c9a7f\" data-element_type=\"widget\" data-e-type=\"widget\" data-no-translation=\"\" data-widget_type=\"text-editor.default\">\n\t\t\t\t<div class=\"elementor-widget-container\">\n\t\t\t\t\t<style>.elementor-element-299c9a7f{display:none !important}<\/style>\t\t\t\t<\/div>\n\t\t\t\t<\/div>\n\t\t\t\t<div class=\"elementor-element elementor-element-7785e18 elementor-widget__width-inherit elementor-widget-tablet__width-inherit elementor-widget-mobile__width-inherit elementor-widget elementor-widget-text-editor\" data-id=\"7785e18\" data-element_type=\"widget\" data-e-type=\"widget\" data-no-translation=\"\" data-widget_type=\"text-editor.default\">\n\t\t\t\t<div class=\"elementor-widget-container\">\n\t\t\t\t\t\t\t\t\t<p><span style=\"font-weight: 400;\">Welcome to The Barrister, Coffee &amp; Wine.<\/span><\/p><p><span style=\"font-weight: 400;\">The Barrister is here to defend your right to enjoy a calm cup of coffee in the hustle and bustle of the city, or sample some of our carefully selected wines.<\/span><\/p><p><span style=\"font-weight: 400;\">We represent a meeting point for the apparently unconnected worlds of law, gastronomy and art. We aspire to become a meeting point for you, too.<\/span><\/p><p><span style=\"font-weight: 400;\">We bring an answer for all your daily needs: from a morning coffee and a quite spot for your home-office-away-from-home, a pleasant place for an afternoon business meeting, all the way to an elegant choice for an evening with friends, pulsating with culture and style. We strive not only to be a great caf\u00e9, but also a meeting point for a new and mutually inspiring community.<\/span><\/p>\t\t\t\t\t\t\t\t<\/div>\n\t\t\t\t<\/div>\n\t\t\t\t<\/div>\n\t\t<div class=\"elementor-element elementor-element-66953d53 e-con-full e-flex e-con e-child\" data-id=\"66953d53\" data-element_type=\"container\" data-e-type=\"container\">\n\t\t\t\t<div class=\"elementor-element elementor-element-60f6331e elementor-widget__width-initial elementor-widget-mobile__width-inherit elementor-widget elementor-widget-image\" data-id=\"60f6331e\" data-element_type=\"widget\" data-e-type=\"widget\" data-widget_type=\"image.default\">\n\t\t\t\t<div class=\"elementor-widget-container\">\n\t\t\t\t\t\t\t\t\t\t\t\t\t\t\t<img fetchpriority=\"high\" decoding=\"async\" width=\"800\" height=\"534\" src=\"https:\/\/thebarrister.cz\/wp-content\/uploads\/2024\/02\/NZ5_2190-scaled-1-1024x684.jpg\" class=\"attachment-large size-large wp-image-31\" alt=\"The Barrister Coffee &amp; Wine Bar\" srcset=\"https:\/\/thebarrister.cz\/wp-content\/uploads\/2024\/02\/NZ5_2190-scaled-1-1024x684.jpg 1024w, https:\/\/thebarrister.cz\/wp-content\/uploads\/2024\/02\/NZ5_2190-scaled-1-300x200.jpg 300w, https:\/\/thebarrister.cz\/wp-content\/uploads\/2024\/02\/NZ5_2190-scaled-1-768x513.jpg 768w, https:\/\/thebarrister.cz\/wp-content\/uploads\/2024\/02\/NZ5_2190-scaled-1-1536x1025.jpg 1536w, https:\/\/thebarrister.cz\/wp-content\/uploads\/2024\/02\/NZ5_2190-scaled-1-2048x1367.jpg 2048w, https:\/\/thebarrister.cz\/wp-content\/uploads\/2024\/02\/NZ5_2190-scaled-1-18x12.jpg 18w\" sizes=\"(max-width: 800px) 100vw, 800px\" \/>\t\t\t\t\t\t\t\t\t\t\t\t\t\t\t<\/div>\n\t\t\t\t<\/div>\n\t\t\t\t<\/div>\n\t\t\t\t<\/div>\n\t\t\t\t\t<\/div>\n\t\t\t\t<\/div>\n\t\t\t\t<\/div>","protected":false},"excerpt":{"rendered":"<p>The Barrister V\u00edtejte v kav\u00e1rn\u011b a vin\u00e1rn\u011b The Barrister. The Barrister je obh\u00e1jce&#8230; bude h\u00e1jit va\u0161e pr\u00e1vo si v ruchu Prahy u\u017e\u00edt klidn\u00fd \u0161\u00e1lek k\u00e1vy, anebo ochutnat pe\u010dliv\u011b vybran\u00e1 v\u00edna od zku\u0161en\u00fdch vina\u0159\u016f. Jsme m\u00edstem, kde se setk\u00e1vaj\u00ed zd\u00e1nliv\u011b nesouvisej\u00edc\u00ed sv\u011bty advokacie, gastronomie a um\u011bn\u00ed.\u00a0 Chceme b\u00fdt m\u00edstem, kde se budete setk\u00e1vat i vy.\u00a0 \u00a0 [&hellip;]<\/p>\n","protected":false},"author":1,"featured_media":0,"parent":0,"menu_order":0,"comment_status":"closed","ping_status":"closed","template":"","meta":{"_acf_changed":false,"footnotes":""},"class_list":["post-55","page","type-page","status-publish","hentry"],"acf":[],"aioseo_notices":[],"_links":{"self":[{"href":"https:\/\/thebarrister.cz\/en\/wp-json\/wp\/v2\/pages\/55","targetHints":{"allow":["GET"]}}],"collection":[{"href":"https:\/\/thebarrister.cz\/en\/wp-json\/wp\/v2\/pages"}],"about":[{"href":"https:\/\/thebarrister.cz\/en\/wp-json\/wp\/v2\/types\/page"}],"author":[{"embeddable":true,"href":"https:\/\/thebarrister.cz\/en\/wp-json\/wp\/v2\/users\/1"}],"replies":[{"embeddable":true,"href":"https:\/\/thebarrister.cz\/en\/wp-json\/wp\/v2\/comments?post=55"}],"version-history":[{"count":22,"href":"https:\/\/thebarrister.cz\/en\/wp-json\/wp\/v2\/pages\/55\/revisions"}],"predecessor-version":[{"id":857,"href":"https:\/\/thebarrister.cz\/en\/wp-json\/wp\/v2\/pages\/55\/revisions\/857"}],"wp:attachment":[{"href":"https:\/\/thebarrister.cz\/en\/wp-json\/wp\/v2\/media?parent=55"}],"curies":[{"name":"wp","href":"https:\/\/api.w.org\/{rel}","templated":true}]}}