{"id":52,"date":"2024-02-05T17:37:15","date_gmt":"2024-02-05T17:37:15","guid":{"rendered":"https:\/\/thebarrister.cz\/contact\/"},"modified":"2025-07-24T07:47:21","modified_gmt":"2025-07-24T07:47:21","slug":"contact","status":"publish","type":"page","link":"https:\/\/thebarrister.cz\/en\/contact\/","title":{"rendered":"Contact"},"content":{"rendered":"<div data-elementor-type=\"wp-page\" data-elementor-id=\"52\" class=\"elementor elementor-52\" data-elementor-post-type=\"page\">\n\t\t\t\t<div class=\"elementor-element elementor-element-15efa2e6 e-flex e-con-boxed e-con e-parent\" data-id=\"15efa2e6\" data-element_type=\"container\" data-e-type=\"container\">\n\t\t\t\t\t<div class=\"e-con-inner\">\n\t\t\t\t<div class=\"elementor-element elementor-element-2697d7f8 elementor-widget elementor-widget-heading\" data-id=\"2697d7f8\" data-element_type=\"widget\" data-e-type=\"widget\" data-widget_type=\"heading.default\">\n\t\t\t\t<div class=\"elementor-widget-container\">\n\t\t\t\t\t<h5 class=\"elementor-heading-title elementor-size-default\">The Barrister<\/h5>\t\t\t\t<\/div>\n\t\t\t\t<\/div>\n\t\t\t\t<div class=\"elementor-element elementor-element-444a5a0e elementor-widget elementor-widget-heading\" data-id=\"444a5a0e\" data-element_type=\"widget\" data-e-type=\"widget\" data-widget_type=\"heading.default\">\n\t\t\t\t<div class=\"elementor-widget-container\">\n\t\t\t\t\t<h1 class=\"elementor-heading-title elementor-size-default\">Contact<\/h1>\t\t\t\t<\/div>\n\t\t\t\t<\/div>\n\t\t\t\t<div class=\"elementor-element elementor-element-7e538282 elementor-widget-divider--view-line_icon elementor-view-default elementor-widget-divider--element-align-center elementor-widget elementor-widget-divider\" data-id=\"7e538282\" data-element_type=\"widget\" data-e-type=\"widget\" data-widget_type=\"divider.default\">\n\t\t\t\t<div class=\"elementor-widget-container\">\n\t\t\t\t\t\t\t<div class=\"elementor-divider\">\n\t\t\t<span class=\"elementor-divider-separator\">\n\t\t\t\t\t\t\t<div class=\"elementor-icon elementor-divider__element\">\n\t\t\t\t\t<svg xmlns=\"http:\/\/www.w3.org\/2000\/svg\" width=\"297\" height=\"164\" viewbox=\"0 0 297 164\" fill=\"none\"><path d=\"M31.77 58L37.31 84.47H0L10.26 136.48H48.21L53.8 163.17H134.21L156.23 58H31.78H31.77ZM23.1 120.86L19.01 100.1H39.25L43.66 120.86H23.11H23.1ZM121.51 147.55H66.49L51.01 73.63H136.99L121.51 147.55Z\" fill=\"#BB9571\"><\/path><path d=\"M249.7 147.41V102.55H257.24L281.01 15.67H296.03V0H187.71V15.67H202.72L226.49 102.55H234.03V147.41H187V163.08H296.07V147.41H249.7ZM218.96 15.67H264.77L245.29 86.89H238.45L218.96 15.67Z\" fill=\"#BB9571\"><\/path><\/svg><\/div>\n\t\t\t\t\t\t<\/span>\n\t\t<\/div>\n\t\t\t\t\t\t<\/div>\n\t\t\t\t<\/div>\n\t\t\t\t\t<\/div>\n\t\t\t\t<\/div>\n\t\t<div class=\"elementor-element elementor-element-b23825f e-flex e-con-boxed e-con e-parent\" data-id=\"b23825f\" data-element_type=\"container\" data-e-type=\"container\">\n\t\t\t\t\t<div class=\"e-con-inner\">\n\t\t<div class=\"elementor-element elementor-element-35a2accd e-con-full e-flex e-con e-child\" data-id=\"35a2accd\" data-element_type=\"container\" data-e-type=\"container\">\n\t\t<div class=\"elementor-element elementor-element-6fc447e5 e-con-full e-flex e-con e-child\" data-id=\"6fc447e5\" data-element_type=\"container\" data-e-type=\"container\">\n\t\t\t\t<div class=\"elementor-element elementor-element-4544914c elementor-widget elementor-widget-heading\" data-id=\"4544914c\" data-element_type=\"widget\" data-e-type=\"widget\" data-widget_type=\"heading.default\">\n\t\t\t\t<div class=\"elementor-widget-container\">\n\t\t\t\t\t<h5 class=\"elementor-heading-title elementor-size-default\">Contact info:<\/h5>\t\t\t\t<\/div>\n\t\t\t\t<\/div>\n\t\t\t\t<div class=\"elementor-element elementor-element-272cd0f8 eael-infobox-icon-bg-shape-none eael-infobox-icon-hover-bg-shape-none elementor-widget elementor-widget-eael-info-box\" data-id=\"272cd0f8\" data-element_type=\"widget\" data-e-type=\"widget\" data-widget_type=\"eael-info-box.default\">\n\t\t\t\t<div class=\"elementor-widget-container\">\n\t\t\t\t\t            <a href=\"http:\/\/\">\n\t            <div class=\"eael-infobox icon-on-left\">\n\t            <div class=\"infobox-icon eael-icon-only\">\n\n            \n                            <div class=\"infobox-icon-wrap\">\n                    <svg xmlns=\"http:\/\/www.w3.org\/2000\/svg\" id=\"Layer_1\" viewbox=\"0 0 24 24\"><defs><style>.cls-1{stroke-width:0px;}<\/style><\/defs><path class=\"cls-1\" d=\"m12,14c-2.21,0-4-1.79-4-4s1.79-4,4-4,4,1.79,4,4-1.79,4-4,4Zm0-6c-1.1,0-2,.9-2,2s.9,2,2,2,2-.9,2-2-.9-2-2-2Z\"><\/path><path class=\"cls-1\" d=\"m12,23c-.26,0-.51-.1-.71-.29l-.96-.95c-3.77-3.74-7.34-7.28-7.34-11.76C3,5.04,7.04,1,12,1s9,4.04,9,9c0,4.48-3.56,8.01-7.34,11.76l-.96.95c-.2.2-.45.29-.71.29Zm0-20c-3.86,0-7,3.14-7,7,0,3.65,3.28,6.9,6.75,10.34l.25.25.25-.25c3.47-3.44,6.75-6.69,6.75-10.34,0-3.86-3.14-7-7-7Z\"><\/path><\/svg>                <\/div>\n            \n            \n        <\/div>\n            <div class=\"infobox-content eael-icon-only\">\n                    <div class=\"infobox-title-section\">\n                <h2 class=\"title\">\u0160t\u011bp\u00e1nsk\u00e1 59, 110 00 Prague 1<\/h2>            <\/div>\n                    <\/div>\n            <\/div>\n\n\t\t            <\/a>\n\t\t\t\t\t\t<\/div>\n\t\t\t\t<\/div>\n\t\t\t\t<div class=\"elementor-element elementor-element-353cc103 eael-infobox-icon-bg-shape-none eael-infobox-icon-hover-bg-shape-none elementor-widget elementor-widget-eael-info-box\" data-id=\"353cc103\" data-element_type=\"widget\" data-e-type=\"widget\" data-widget_type=\"eael-info-box.default\">\n\t\t\t\t<div class=\"elementor-widget-container\">\n\t\t\t\t\t            <a href=\"http:\/\/\">\n\t            <div class=\"eael-infobox icon-on-left\">\n\t            <div class=\"infobox-icon eael-icon-only\">\n\n            \n                            <div class=\"infobox-icon-wrap\">\n                    <svg xmlns=\"http:\/\/www.w3.org\/2000\/svg\" id=\"Layer_1\" viewbox=\"0 0 24 24\"><defs><style>.cls-1{stroke-width:0px;}<\/style><\/defs><path class=\"cls-1\" d=\"m16.59,23.16c-.52-.03-.95-.11-1.54-.28-3.28-.93-6.29-2.7-8.72-5.13-2.42-2.42-4.2-5.44-5.13-8.72-.17-.59-.28-.98-.28-1.53,0-.63.2-1.42.51-1.97.27-.48.61-.82,1.16-1.37l.16-.16c.59-.59.91-.91,1.34-1.13.85-.43,1.86-.43,2.71,0,.43.22.75.54,1.34,1.13l.19.19c.39.39.6.6.77.86.65.99.65,2.28,0,3.27-.17.26-.38.48-.77.86-.06.06-.09.09-.12.12.02.01.04.05.06.1.66,1.39,1.56,2.64,2.65,3.74h0c1.1,1.1,2.35,1.99,3.74,2.65.06.03.09.05.12.06.01-.03.05-.06.1-.12.39-.39.6-.6.86-.77.99-.65,2.28-.65,3.27,0,.26.17.48.38.86.77l.19.19c.59.59.91.91,1.13,1.34.43.85.43,1.86,0,2.71-.22.43-.54.75-1.13,1.34l-.15.16c-.56.56-.89.89-1.37,1.16-.55.31-1.33.51-1.96.51ZM5.45,4.56c-.16,0-.31.04-.45.11-.14.07-.41.34-.83.76l-.16.16c-.52.52-.7.71-.83.94-.14.25-.26.7-.26.98,0,.26.05.44.2.99.84,2.95,2.43,5.67,4.62,7.85,2.18,2.18,4.9,3.78,7.85,4.62.56.16.69.21.99.2.29,0,.74-.12.98-.26.23-.13.42-.31.94-.83l.16-.16c.4-.4.69-.68.76-.83.14-.29.14-.62,0-.91-.07-.14-.34-.42-.76-.83l-.19-.19c-.27-.27-.45-.45-.54-.51-.33-.22-.76-.22-1.09,0-.09.06-.27.24-.54.51-.17.17-.26.25-.37.33-.48.35-1.14.46-1.72.29-.13-.04-.23-.08-.42-.17-1.58-.76-3.02-1.78-4.28-3.04h0c-1.26-1.26-2.28-2.7-3.04-4.28-.09-.19-.14-.29-.17-.42-.17-.57-.06-1.24.29-1.72.07-.1.15-.19.33-.36.27-.27.45-.45.51-.54.22-.33.22-.76,0-1.09-.06-.09-.24-.27-.51-.54l-.19-.19c-.41-.41-.68-.68-.83-.76-.14-.07-.3-.11-.45-.11Zm12.55,6.4c-.47,0-.89-.33-.98-.81-.15-.78-.53-1.5-1.1-2.06-.57-.56-1.28-.94-2.06-1.1-.54-.11-.9-.63-.79-1.17.11-.54.63-.9,1.17-.79,1.18.23,2.25.8,3.09,1.65.85.85,1.42,1.92,1.65,3.09.11.54-.25,1.07-.79,1.17-.06.01-.13.02-.19.02Zm4-.01c-.5,0-.94-.38-.99-.89-.2-1.8-1.02-3.49-2.3-4.77-1.28-1.28-2.97-2.09-4.77-2.29-.55-.06-.94-.56-.88-1.1.06-.55.57-.95,1.1-.88,2.25.25,4.36,1.27,5.96,2.86s2.62,3.71,2.87,5.96c.06.55-.33,1.04-.88,1.11-.04,0-.08,0-.11,0Z\"><\/path><\/svg>                <\/div>\n            \n            \n        <\/div>\n            <div class=\"infobox-content eael-icon-only\">\n                    <div class=\"infobox-title-section\">\n                <h2 class=\"title\">+420 735 522 630<\/h2>            <\/div>\n                    <\/div>\n            <\/div>\n\n\t\t            <\/a>\n\t\t\t\t\t\t<\/div>\n\t\t\t\t<\/div>\n\t\t\t\t<div class=\"elementor-element elementor-element-2359b391 eael-infobox-icon-bg-shape-none eael-infobox-icon-hover-bg-shape-none elementor-widget elementor-widget-eael-info-box\" data-id=\"2359b391\" data-element_type=\"widget\" data-e-type=\"widget\" data-widget_type=\"eael-info-box.default\">\n\t\t\t\t<div class=\"elementor-widget-container\">\n\t\t\t\t\t            <a href=\"mailto:info@thebarrister.cz\">\n\t            <div class=\"eael-infobox icon-on-left\">\n\t            <div class=\"infobox-icon eael-icon-only\">\n\n            \n                            <div class=\"infobox-icon-wrap\">\n                    <svg xmlns=\"http:\/\/www.w3.org\/2000\/svg\" id=\"Layer_1\" viewbox=\"0 0 24 24\"><defs><style>.cls-1{stroke-width:0px;}<\/style><\/defs><path class=\"cls-1\" d=\"m12,14c-2.21,0-4-1.79-4-4s1.79-4,4-4,4,1.79,4,4-1.79,4-4,4Zm0-6c-1.1,0-2,.9-2,2s.9,2,2,2,2-.9,2-2-.9-2-2-2Z\"><\/path><path class=\"cls-1\" d=\"m12,23c-.26,0-.51-.1-.71-.29l-.96-.95c-3.77-3.74-7.34-7.28-7.34-11.76C3,5.04,7.04,1,12,1s9,4.04,9,9c0,4.48-3.56,8.01-7.34,11.76l-.96.95c-.2.2-.45.29-.71.29Zm0-20c-3.86,0-7,3.14-7,7,0,3.65,3.28,6.9,6.75,10.34l.25.25.25-.25c3.47-3.44,6.75-6.69,6.75-10.34,0-3.86-3.14-7-7-7Z\"><\/path><\/svg>                <\/div>\n            \n            \n        <\/div>\n            <div class=\"infobox-content eael-icon-only\">\n                    <div class=\"infobox-title-section\">\n                <h2 class=\"title\">info@thebarrister.cz<\/h2>            <\/div>\n                    <\/div>\n            <\/div>\n\n\t\t            <\/a>\n\t\t\t\t\t\t<\/div>\n\t\t\t\t<\/div>\n\t\t\t\t<\/div>\n\t\t<div class=\"elementor-element elementor-element-516a5602 e-con-full e-flex e-con e-child\" data-id=\"516a5602\" data-element_type=\"container\" data-e-type=\"container\">\n\t\t\t\t<div class=\"elementor-element elementor-element-d55480b elementor-widget elementor-widget-heading\" data-id=\"d55480b\" data-element_type=\"widget\" data-e-type=\"widget\" data-widget_type=\"heading.default\">\n\t\t\t\t<div class=\"elementor-widget-container\">\n\t\t\t\t\t<h5 class=\"elementor-heading-title elementor-size-default\">Opening hours:<\/h5>\t\t\t\t<\/div>\n\t\t\t\t<\/div>\n\t\t\t\t<div class=\"elementor-element elementor-element-443c0e19 eael-infobox-icon-bg-shape-none eael-infobox-icon-hover-bg-shape-none elementor-widget elementor-widget-eael-info-box\" data-id=\"443c0e19\" data-element_type=\"widget\" data-e-type=\"widget\" data-widget_type=\"eael-info-box.default\">\n\t\t\t\t<div class=\"elementor-widget-container\">\n\t\t\t\t\t            <a href=\"http:\/\/\">\n\t            <div class=\"eael-infobox icon-on-left\">\n\t            <div class=\"infobox-icon eael-icon-only\">\n\n            \n                            <div class=\"infobox-icon-wrap\">\n                    <svg xmlns=\"http:\/\/www.w3.org\/2000\/svg\" id=\"Layer_1\" viewbox=\"0 0 24 24\"><defs><style>.cls-1{stroke-width:0px;}<\/style><\/defs><path class=\"cls-1\" d=\"m12,23c-6.07,0-11-4.93-11-11S5.93,1,12,1s11,4.93,11,11-4.93,11-11,11Zm0-20C7.04,3,3,7.04,3,12s4.04,9,9,9,9-4.04,9-9S16.96,3,12,3Zm4,12c-.15,0-.3-.03-.45-.11l-4-2c-.34-.17-.55-.52-.55-.89v-6c0-.55.45-1,1-1s1,.45,1,1v5.38l3.45,1.72c.49.25.69.85.45,1.34-.18.35-.53.55-.9.55Z\"><\/path><\/svg>                <\/div>\n            \n            \n        <\/div>\n            <div class=\"infobox-content eael-icon-only\">\n                    <div class=\"infobox-title-section\">\n                <h2 class=\"title\"><span style=\"color:#BB9571;padding-right:10px\">Mon - Sun:<\/span> 08:00 - 20:00<\/h2>            <\/div>\n                    <\/div>\n            <\/div>\n\n\t\t            <\/a>\n\t\t\t\t\t\t<\/div>\n\t\t\t\t<\/div>\n\t\t\t\t<\/div>\n\t\t\t\t<\/div>\n\t\t<div class=\"elementor-element elementor-element-297ab212 e-con-full e-flex e-con e-child\" data-id=\"297ab212\" data-element_type=\"container\" data-e-type=\"container\">\n\t\t\t\t<div class=\"elementor-element elementor-element-cd28f95 elementor-widget elementor-widget-google_maps\" data-id=\"cd28f95\" data-element_type=\"widget\" data-e-type=\"widget\" data-widget_type=\"google_maps.default\">\n\t\t\t\t<div class=\"elementor-widget-container\">\n\t\t\t\t\t\t\t<div class=\"elementor-custom-embed\">\n\t\t\t<iframe loading=\"lazy\"\n\t\t\t\t\tsrc=\"https:\/\/maps.google.com\/maps?q=%C5%A0t%C4%9Bp%C3%A1nsk%C3%A1%2059%2C%20110%2000%20Prague%201&#038;t=m&#038;z=15&#038;output=embed&#038;iwloc=near\"\n\t\t\t\t\ttitle=\"\u0160t\u011bp\u00e1nsk\u00e1 59, 110 00 Prague 1\"\n\t\t\t\t\taria-label=\"\u0160t\u011bp\u00e1nsk\u00e1 59, 110 00 Prague 1\"\n\t\t\t><\/iframe>\n\t\t<\/div>\n\t\t\t\t\t\t<\/div>\n\t\t\t\t<\/div>\n\t\t\t\t<\/div>\n\t\t\t\t\t<\/div>\n\t\t\t\t<\/div>\n\t\t\t\t<\/div>","protected":false},"excerpt":{"rendered":"<p>The Barrister Kontakt Kontaktn\u00ed \u00fadaje: \u0160t\u011bp\u00e1nsk\u00e1 59, 110 00 Praha 1 +420 735 522 630 info@thebarrister.cz Otev\u00edrac\u00ed doba: Po &#8211; Ne: 08:00 &#8211; 20:00<\/p>","protected":false},"author":1,"featured_media":0,"parent":0,"menu_order":0,"comment_status":"closed","ping_status":"closed","template":"","meta":{"_acf_changed":false,"footnotes":""},"class_list":["post-52","page","type-page","status-publish","hentry"],"acf":[],"aioseo_notices":[],"_links":{"self":[{"href":"https:\/\/thebarrister.cz\/en\/wp-json\/wp\/v2\/pages\/52","targetHints":{"allow":["GET"]}}],"collection":[{"href":"https:\/\/thebarrister.cz\/en\/wp-json\/wp\/v2\/pages"}],"about":[{"href":"https:\/\/thebarrister.cz\/en\/wp-json\/wp\/v2\/types\/page"}],"author":[{"embeddable":true,"href":"https:\/\/thebarrister.cz\/en\/wp-json\/wp\/v2\/users\/1"}],"replies":[{"embeddable":true,"href":"https:\/\/thebarrister.cz\/en\/wp-json\/wp\/v2\/comments?post=52"}],"version-history":[{"count":41,"href":"https:\/\/thebarrister.cz\/en\/wp-json\/wp\/v2\/pages\/52\/revisions"}],"predecessor-version":[{"id":878,"href":"https:\/\/thebarrister.cz\/en\/wp-json\/wp\/v2\/pages\/52\/revisions\/878"}],"wp:attachment":[{"href":"https:\/\/thebarrister.cz\/en\/wp-json\/wp\/v2\/media?parent=52"}],"curies":[{"name":"wp","href":"https:\/\/api.w.org\/{rel}","templated":true}]}}